{"id":2022,"date":"2025-08-15T11:54:37","date_gmt":"2025-08-15T11:54:37","guid":{"rendered":"https:\/\/bochonpartners.com\/?page_id=2022"},"modified":"2025-08-18T17:16:07","modified_gmt":"2025-08-18T17:16:07","slug":"nos-bureaux","status":"publish","type":"page","link":"https:\/\/bochonpartners.com\/en\/nos-bureaux\/","title":{"rendered":"Our offices"},"content":{"rendered":"<div data-elementor-type=\"wp-page\" data-elementor-id=\"2022\" class=\"elementor elementor-2022\" data-elementor-post-type=\"page\">\n\t\t\t\t<div class=\"elementor-element elementor-element-1c80521 e-flex e-con-boxed e-con e-parent\" data-id=\"1c80521\" data-element_type=\"container\" data-e-type=\"container\" data-settings=\"{&quot;background_background&quot;:&quot;classic&quot;}\">\n\t\t\t\t\t<div class=\"e-con-inner\">\n\t\t\t\t<div class=\"elementor-element elementor-element-adb293b elementor-widget elementor-widget-heading\" data-id=\"adb293b\" data-element_type=\"widget\" data-e-type=\"widget\" data-widget_type=\"heading.default\">\n\t\t\t\t\t<h1 class=\"elementor-heading-title elementor-size-default\">Our offices<\/h1>\t\t\t\t<\/div>\n\t\t\t\t\t<\/div>\n\t\t\t\t<\/div>\n\t\t<div class=\"elementor-element elementor-element-3288293 e-flex e-con-boxed e-con e-parent\" data-id=\"3288293\" data-element_type=\"container\" data-e-type=\"container\">\n\t\t\t\t\t<div class=\"e-con-inner\">\n\t\t<div class=\"elementor-element elementor-element-3fd27e8 e-grid e-con-full e-con e-child\" data-id=\"3fd27e8\" data-element_type=\"container\" data-e-type=\"container\">\n\t\t\t\t<\/div>\n\t\t\t\t\t<\/div>\n\t\t\t\t<\/div>\n\t\t\t\t<\/div>","protected":false},"excerpt":{"rendered":"<p>Bruxelles Notre principal bureau est situ\u00e9 \u00e0 Bruxelles, au 11e \u00e9tage de l\u2019embl\u00e9matique \u00ab\u00a0IT Tower\u00a0\u00bb situ\u00e9e sur l\u2019avenue Louise, \u00e0 l\u2019angle avec le domaine de l\u2019ancestrale abbaye de la Cambre. Nos bureaux sont accessibles en v\u00e9hicule particulier (parking souterrain avec emplacement voiture pour les clients) et en transports en commun (lignes de tram 7 et [&hellip;]<\/p>\n","protected":false},"author":1,"featured_media":0,"parent":0,"menu_order":0,"comment_status":"closed","ping_status":"closed","template":"","meta":{"_acf_changed":false,"footnotes":""},"class_list":["post-2022","page","type-page","status-publish","hentry"],"acf":[],"_links":{"self":[{"href":"https:\/\/bochonpartners.com\/en\/wp-json\/wp\/v2\/pages\/2022","targetHints":{"allow":["GET"]}}],"collection":[{"href":"https:\/\/bochonpartners.com\/en\/wp-json\/wp\/v2\/pages"}],"about":[{"href":"https:\/\/bochonpartners.com\/en\/wp-json\/wp\/v2\/types\/page"}],"author":[{"embeddable":true,"href":"https:\/\/bochonpartners.com\/en\/wp-json\/wp\/v2\/users\/1"}],"replies":[{"embeddable":true,"href":"https:\/\/bochonpartners.com\/en\/wp-json\/wp\/v2\/comments?post=2022"}],"version-history":[{"count":22,"href":"https:\/\/bochonpartners.com\/en\/wp-json\/wp\/v2\/pages\/2022\/revisions"}],"predecessor-version":[{"id":2069,"href":"https:\/\/bochonpartners.com\/en\/wp-json\/wp\/v2\/pages\/2022\/revisions\/2069"}],"wp:attachment":[{"href":"https:\/\/bochonpartners.com\/en\/wp-json\/wp\/v2\/media?parent=2022"}],"curies":[{"name":"wp","href":"https:\/\/api.w.org\/{rel}","templated":true}]}}