{"id":18,"date":"2025-07-23T17:18:17","date_gmt":"2025-07-23T17:18:17","guid":{"rendered":"https:\/\/bochonpartners.com\/?page_id=18"},"modified":"2025-08-27T19:22:49","modified_gmt":"2025-08-27T19:22:49","slug":"nos-pratiques","status":"publish","type":"page","link":"https:\/\/bochonpartners.com\/nl\/nos-pratiques\/","title":{"rendered":"Onze rechtsgebieden"},"content":{"rendered":"<div data-elementor-type=\"wp-page\" data-elementor-id=\"18\" class=\"elementor elementor-18\" data-elementor-post-type=\"page\">\n\t\t\t\t<div class=\"elementor-element elementor-element-9ca3268 e-flex e-con-boxed e-con e-parent\" data-id=\"9ca3268\" data-element_type=\"container\" data-e-type=\"container\" data-settings=\"{&quot;background_background&quot;:&quot;classic&quot;}\">\n\t\t\t\t\t<div class=\"e-con-inner\">\n\t\t\t\t<div class=\"elementor-element elementor-element-f099625 elementor-widget elementor-widget-heading\" data-id=\"f099625\" data-element_type=\"widget\" data-e-type=\"widget\" data-widget_type=\"heading.default\">\n\t\t\t\t\t<h1 class=\"elementor-heading-title elementor-size-default\">Onze rechtsgebieden <\/h1>\t\t\t\t<\/div>\n\t\t\t\t\t<\/div>\n\t\t\t\t<\/div>\n\t\t<div class=\"elementor-element elementor-element-cf9e4e8 e-flex e-con-boxed e-con e-parent\" data-id=\"cf9e4e8\" data-element_type=\"container\" data-e-type=\"container\">\n\t\t\t\t\t<div class=\"e-con-inner\">\n\t\t<div class=\"elementor-element elementor-element-bfc7728 e-grid e-con-full e-con e-child\" data-id=\"bfc7728\" data-element_type=\"container\" data-e-type=\"container\">\n\t\t\t\t<div class=\"elementor-element elementor-element-d98d531 elementor-view-stacked carte1 elementor-shape-circle elementor-position-block-start elementor-mobile-position-block-start elementor-widget elementor-widget-icon-box\" data-id=\"d98d531\" data-element_type=\"widget\" data-e-type=\"widget\" id=\"carte1\" data-widget_type=\"icon-box.default\">\n\t\t\t\t\t\t\t<div class=\"elementor-icon-box-wrapper\">\n\n\t\t\t\t\t\t<div class=\"elementor-icon-box-icon\">\n\t\t\t\t<a href=\"https:\/\/bochonpartners.com\/nl\/pratique\/litiges-et-contrats-commerciaux\/\" class=\"elementor-icon\" tabindex=\"-1\" aria-label=\"Geschillen en contracten\">\n\t\t\t\t<i aria-hidden=\"true\" class=\"uic fi-rr-hammer-war\"><\/i>\t\t\t\t<\/a>\n\t\t\t<\/div>\n\t\t\t\n\t\t\t\t\t\t<div class=\"elementor-icon-box-content\">\n\n\t\t\t\t\t\t\t\t\t<h3 class=\"elementor-icon-box-title\">\n\t\t\t\t\t\t<a href=\"https:\/\/bochonpartners.com\/nl\/pratique\/litiges-et-contrats-commerciaux\/\" >\n\t\t\t\t\t\t\tGeschillen en contracten\t\t\t\t\t\t<\/a>\n\t\t\t\t\t<\/h3>\n\t\t\t\t\n\t\t\t\t\t\t\t\t\t<p class=\"elementor-icon-box-description\">\n\t\t\t\t\t\tOns team biedt expertise in alle aspecten van het economisch recht ...\t\t\t\t\t<\/p>\n\t\t\t\t\n\t\t\t<\/div>\n\t\t\t\n\t\t<\/div>\n\t\t\t\t\t\t<\/div>\n\t\t\t\t<div class=\"elementor-element elementor-element-880a9cd elementor-view-stacked carte1 elementor-shape-circle elementor-position-block-start elementor-mobile-position-block-start elementor-widget elementor-widget-icon-box\" data-id=\"880a9cd\" data-element_type=\"widget\" data-e-type=\"widget\" id=\"carte2\" data-widget_type=\"icon-box.default\">\n\t\t\t\t\t\t\t<div class=\"elementor-icon-box-wrapper\">\n\n\t\t\t\t\t\t<div class=\"elementor-icon-box-icon\">\n\t\t\t\t<a href=\"https:\/\/bochonpartners.com\/nl\/pratique\/droit-du-travail-et-securite-sociale\/\" class=\"elementor-icon\" tabindex=\"-1\" aria-label=\"Arbeidsrecht en sociale zekerheid\">\n\t\t\t\t<i aria-hidden=\"true\" class=\"uic fi-rr-shopping-bag\"><\/i>\t\t\t\t<\/a>\n\t\t\t<\/div>\n\t\t\t\n\t\t\t\t\t\t<div class=\"elementor-icon-box-content\">\n\n\t\t\t\t\t\t\t\t\t<h3 class=\"elementor-icon-box-title\">\n\t\t\t\t\t\t<a href=\"https:\/\/bochonpartners.com\/nl\/pratique\/droit-du-travail-et-securite-sociale\/\" >\n\t\t\t\t\t\t\tArbeidsrecht en sociale zekerheid\t\t\t\t\t\t<\/a>\n\t\t\t\t\t<\/h3>\n\t\t\t\t\n\t\t\t\t\t\t\t\t\t<p class=\"elementor-icon-box-description\">\n\t\t\t\t\t\tOns team biedt gespecialiseerde expertise in alle aspecten van het arbeidsrecht en het sociaal recht ...\t\t\t\t\t<\/p>\n\t\t\t\t\n\t\t\t<\/div>\n\t\t\t\n\t\t<\/div>\n\t\t\t\t\t\t<\/div>\n\t\t\t\t<div class=\"elementor-element elementor-element-d90f0d5 elementor-view-stacked carte1 elementor-shape-circle elementor-position-block-start elementor-mobile-position-block-start elementor-widget elementor-widget-icon-box\" data-id=\"d90f0d5\" data-element_type=\"widget\" data-e-type=\"widget\" id=\"carte3\" data-widget_type=\"icon-box.default\">\n\t\t\t\t\t\t\t<div class=\"elementor-icon-box-wrapper\">\n\n\t\t\t\t\t\t<div class=\"elementor-icon-box-icon\">\n\t\t\t\t<a href=\"https:\/\/bochonpartners.com\/nl\/pratique\/societes-fusions-acquisitions-et-insolvabilite\/\" class=\"elementor-icon\" tabindex=\"-1\" aria-label=\"Bedrijven, fusies &amp; overnames en insolventie\">\n\t\t\t\t<i aria-hidden=\"true\" class=\"uic fi-rr-building\"><\/i>\t\t\t\t<\/a>\n\t\t\t<\/div>\n\t\t\t\n\t\t\t\t\t\t<div class=\"elementor-icon-box-content\">\n\n\t\t\t\t\t\t\t\t\t<h3 class=\"elementor-icon-box-title\">\n\t\t\t\t\t\t<a href=\"https:\/\/bochonpartners.com\/nl\/pratique\/societes-fusions-acquisitions-et-insolvabilite\/\" >\n\t\t\t\t\t\t\tBedrijven, fusies &amp; overnames en insolventie\t\t\t\t\t\t<\/a>\n\t\t\t\t\t<\/h3>\n\t\t\t\t\n\t\t\t\t\t\t\t\t\t<p class=\"elementor-icon-box-description\">\n\t\t\t\t\t\tBedrijven, verenigingen of stichtingen worden dagelijks geconfronteerd met ...\t\t\t\t\t<\/p>\n\t\t\t\t\n\t\t\t<\/div>\n\t\t\t\n\t\t<\/div>\n\t\t\t\t\t\t<\/div>\n\t\t\t\t<div class=\"elementor-element elementor-element-b33f8b8 elementor-view-stacked carte1 elementor-shape-circle elementor-position-block-start elementor-mobile-position-block-start elementor-widget elementor-widget-icon-box\" data-id=\"b33f8b8\" data-element_type=\"widget\" data-e-type=\"widget\" id=\"carte4\" data-widget_type=\"icon-box.default\">\n\t\t\t\t\t\t\t<div class=\"elementor-icon-box-wrapper\">\n\n\t\t\t\t\t\t<div class=\"elementor-icon-box-icon\">\n\t\t\t\t<a href=\"https:\/\/bochonpartners.com\/nl\/pratique\/assurances-et-responsabilite\/\" class=\"elementor-icon\" tabindex=\"-1\" aria-label=\"Verzekeringen en aansprakelijkheid\">\n\t\t\t\t<i aria-hidden=\"true\" class=\"uic fi-rr-shield-check\"><\/i>\t\t\t\t<\/a>\n\t\t\t<\/div>\n\t\t\t\n\t\t\t\t\t\t<div class=\"elementor-icon-box-content\">\n\n\t\t\t\t\t\t\t\t\t<h3 class=\"elementor-icon-box-title\">\n\t\t\t\t\t\t<a href=\"https:\/\/bochonpartners.com\/nl\/pratique\/assurances-et-responsabilite\/\" >\n\t\t\t\t\t\t\tVerzekeringen en aansprakelijkheid\t\t\t\t\t\t<\/a>\n\t\t\t\t\t<\/h3>\n\t\t\t\t\n\t\t\t\t\t\t\t\t\t<p class=\"elementor-icon-box-description\">\n\t\t\t\t\t\tOns kantoor heeft ruime ervaring op het gebied van aansprakelijkheids- en verzekeringsrecht ...\t\t\t\t\t<\/p>\n\t\t\t\t\n\t\t\t<\/div>\n\t\t\t\n\t\t<\/div>\n\t\t\t\t\t\t<\/div>\n\t\t\t\t<div class=\"elementor-element elementor-element-898ed90 elementor-view-stacked carte1 elementor-shape-circle elementor-position-block-start elementor-mobile-position-block-start elementor-widget elementor-widget-icon-box\" data-id=\"898ed90\" data-element_type=\"widget\" data-e-type=\"widget\" id=\"carte5\" data-widget_type=\"icon-box.default\">\n\t\t\t\t\t\t\t<div class=\"elementor-icon-box-wrapper\">\n\n\t\t\t\t\t\t<div class=\"elementor-icon-box-icon\">\n\t\t\t\t<a href=\"https:\/\/bochonpartners.com\/nl\/pratique\/reglementation-sectorielle-et-concurrence\/\" class=\"elementor-icon\" tabindex=\"-1\" aria-label=\"Sectorale regelgeving en concurrentie\">\n\t\t\t\t<i aria-hidden=\"true\" class=\"uic fi-rr-handshake\"><\/i>\t\t\t\t<\/a>\n\t\t\t<\/div>\n\t\t\t\n\t\t\t\t\t\t<div class=\"elementor-icon-box-content\">\n\n\t\t\t\t\t\t\t\t\t<h3 class=\"elementor-icon-box-title\">\n\t\t\t\t\t\t<a href=\"https:\/\/bochonpartners.com\/nl\/pratique\/reglementation-sectorielle-et-concurrence\/\" >\n\t\t\t\t\t\t\tSectorale regelgeving en concurrentie\t\t\t\t\t\t<\/a>\n\t\t\t\t\t<\/h3>\n\t\t\t\t\n\t\t\t\t\t\t\t\t\t<p class=\"elementor-icon-box-description\">\n\t\t\t\t\t\tDankzij onze vestiging in het hart van de hoofdstad van de Europese Unie beschikt ons kantoor over een grote ervaring inzake sectorale regelgeving en concurrentie ...\t\t\t\t\t<\/p>\n\t\t\t\t\n\t\t\t<\/div>\n\t\t\t\n\t\t<\/div>\n\t\t\t\t\t\t<\/div>\n\t\t\t\t<div class=\"elementor-element elementor-element-0599ccf elementor-view-stacked carte1 elementor-shape-circle elementor-position-block-start elementor-mobile-position-block-start elementor-widget elementor-widget-icon-box\" data-id=\"0599ccf\" data-element_type=\"widget\" data-e-type=\"widget\" id=\"carte6\" data-widget_type=\"icon-box.default\">\n\t\t\t\t\t\t\t<div class=\"elementor-icon-box-wrapper\">\n\n\t\t\t\t\t\t<div class=\"elementor-icon-box-icon\">\n\t\t\t\t<a href=\"https:\/\/bochonpartners.com\/nl\/pratique\/propriete-intellectuelle-it-donnees-et-ia\/\" class=\"elementor-icon\" tabindex=\"-1\" aria-label=\"Intellectueel eigendom, IT, gegevens en AI\">\n\t\t\t\t<i aria-hidden=\"true\" class=\"xlwpf isaxbold-security-safe\"><\/i>\t\t\t\t<\/a>\n\t\t\t<\/div>\n\t\t\t\n\t\t\t\t\t\t<div class=\"elementor-icon-box-content\">\n\n\t\t\t\t\t\t\t\t\t<h3 class=\"elementor-icon-box-title\">\n\t\t\t\t\t\t<a href=\"https:\/\/bochonpartners.com\/nl\/pratique\/propriete-intellectuelle-it-donnees-et-ia\/\" >\n\t\t\t\t\t\t\tIntellectueel eigendom, IT, gegevens en AI\t\t\t\t\t\t<\/a>\n\t\t\t\t\t<\/h3>\n\t\t\t\t\n\t\t\t\t\t\t\t\t\t<p class=\"elementor-icon-box-description\">\n\t\t\t\t\t\tOns kantoor is actief op het snijvlak van creatie, technologie en digitale regelgeving ...\t\t\t\t\t<\/p>\n\t\t\t\t\n\t\t\t<\/div>\n\t\t\t\n\t\t<\/div>\n\t\t\t\t\t\t<\/div>\n\t\t\t\t<div class=\"elementor-element elementor-element-9e24a1e elementor-view-stacked carte1 elementor-shape-circle elementor-position-block-start elementor-mobile-position-block-start elementor-widget elementor-widget-icon-box\" data-id=\"9e24a1e\" data-element_type=\"widget\" data-e-type=\"widget\" id=\"carte7\" data-widget_type=\"icon-box.default\">\n\t\t\t\t\t\t\t<div class=\"elementor-icon-box-wrapper\">\n\n\t\t\t\t\t\t<div class=\"elementor-icon-box-icon\">\n\t\t\t\t<a href=\"https:\/\/bochonpartners.com\/nl\/pratique\/arbitrage\/\" class=\"elementor-icon\" tabindex=\"-1\" aria-label=\"Arbitrage\">\n\t\t\t\t<i aria-hidden=\"true\" class=\"xlwpf wppb-font-balance2\"><\/i>\t\t\t\t<\/a>\n\t\t\t<\/div>\n\t\t\t\n\t\t\t\t\t\t<div class=\"elementor-icon-box-content\">\n\n\t\t\t\t\t\t\t\t\t<h3 class=\"elementor-icon-box-title\">\n\t\t\t\t\t\t<a href=\"https:\/\/bochonpartners.com\/nl\/pratique\/arbitrage\/\" >\n\t\t\t\t\t\t\tArbitrage\t\t\t\t\t\t<\/a>\n\t\t\t\t\t<\/h3>\n\t\t\t\t\n\t\t\t\t\t\t\t\t\t<p class=\"elementor-icon-box-description\">\n\t\t\t\t\t\tOns kantoor is actief in het kader van arbitrageprocedures ...\t\t\t\t\t<\/p>\n\t\t\t\t\n\t\t\t<\/div>\n\t\t\t\n\t\t<\/div>\n\t\t\t\t\t\t<\/div>\n\t\t\t\t<\/div>\n\t\t\t\t\t<\/div>\n\t\t\t\t<\/div>\n\t\t\t\t<\/div>","protected":false},"excerpt":{"rendered":"<p>Nos pratiques Litiges et contrats commerciaux Notre \u00e9quipe offre une expertise dans l\u2019ensemble des mati\u00e8res du droit \u00e9conomique,.. Droit du travail et s\u00e9curit\u00e9 sociale Notre \u00e9quipe offre une expertise pointue dans l\u2019ensemble des mati\u00e8res du droit social&#8230; Soci\u00e9t\u00e9s, fusions-acquisitions et insolvabilit\u00e9 Les soci\u00e9t\u00e9s, associations ou fondations sont confront\u00e9es quotidiennement \u00e0 des &#8230; Assurances et responsabilit\u00e9 [&hellip;]<\/p>\n","protected":false},"author":1,"featured_media":0,"parent":0,"menu_order":0,"comment_status":"closed","ping_status":"closed","template":"","meta":{"_acf_changed":false,"footnotes":""},"class_list":["post-18","page","type-page","status-publish","hentry"],"acf":[],"_links":{"self":[{"href":"https:\/\/bochonpartners.com\/nl\/wp-json\/wp\/v2\/pages\/18","targetHints":{"allow":["GET"]}}],"collection":[{"href":"https:\/\/bochonpartners.com\/nl\/wp-json\/wp\/v2\/pages"}],"about":[{"href":"https:\/\/bochonpartners.com\/nl\/wp-json\/wp\/v2\/types\/page"}],"author":[{"embeddable":true,"href":"https:\/\/bochonpartners.com\/nl\/wp-json\/wp\/v2\/users\/1"}],"replies":[{"embeddable":true,"href":"https:\/\/bochonpartners.com\/nl\/wp-json\/wp\/v2\/comments?post=18"}],"version-history":[{"count":32,"href":"https:\/\/bochonpartners.com\/nl\/wp-json\/wp\/v2\/pages\/18\/revisions"}],"predecessor-version":[{"id":2370,"href":"https:\/\/bochonpartners.com\/nl\/wp-json\/wp\/v2\/pages\/18\/revisions\/2370"}],"wp:attachment":[{"href":"https:\/\/bochonpartners.com\/nl\/wp-json\/wp\/v2\/media?parent=18"}],"curies":[{"name":"wp","href":"https:\/\/api.w.org\/{rel}","templated":true}]}}